{"id":899,"date":"2018-08-29T22:55:29","date_gmt":"2018-08-30T01:55:29","guid":{"rendered":"https:\/\/cmsp-bue.infd.edu.ar\/sitio\/maestros-de-maestros\/"},"modified":"2018-10-24T19:21:12","modified_gmt":"2018-10-24T22:21:12","slug":"maestros-de-maestros","status":"publish","type":"page","link":"https:\/\/cmsp-bue.infd.edu.ar\/sitio\/maestros-de-maestros\/","title":{"rendered":"Maestros de Maestros"},"content":{"rendered":"<h1><img decoding=\"async\" loading=\"lazy\" class=\"wp-image-945 aligncenter\" src=\"https:\/\/cmsp-bue.infd.edu.ar\/sitio\/wp-content\/uploads\/2018\/10\/Logo-CMSP-color-1000x518.png\" alt=\"\" width=\"270\" height=\"140\" srcset=\"https:\/\/cmsp-bue.infd.edu.ar\/sitio\/wp-content\/uploads\/2018\/10\/Logo-CMSP-color-1000x518.png 1000w, https:\/\/cmsp-bue.infd.edu.ar\/sitio\/wp-content\/uploads\/2018\/10\/Logo-CMSP-color-768x398.png 768w, https:\/\/cmsp-bue.infd.edu.ar\/sitio\/wp-content\/uploads\/2018\/10\/Logo-CMSP-color.png 1455w\" sizes=\"(max-width: 270px) 100vw, 270px\" \/><\/h1>\n<h1 style=\"text-align: center;\"><span style=\"color: #800000; text-decoration: underline;\"><em><span style=\"font-family: verdana,geneva;\">Carlos Guastavino<\/span><\/em><\/span><\/h1>\n<h1 style=\"text-align: center;\"><span style=\"color: #800000; text-decoration: underline;\"><em><span style=\"font-family: verdana,geneva;\"><img decoding=\"async\" title=\"Carlos Guastavino\" src=\"https:\/\/cmsp-bue.infd.edu.ar\/sitio\/wp-content\/uploads\/2018\/08\/CarlosGuastavino.jpg\" alt=\"Carlos Guastavino\" border=\"0\" \/><\/span><\/em><\/span><\/h1>\n<div><\/div>\n<hr noshade=\"noshade\" \/>\n<div><\/div>\n<h3 style=\"text-align: justify;\"><img decoding=\"async\" loading=\"lazy\" title=\"Wikipedia\" src=\"http:\/\/www.webmii.es\/Images\/Favicon\/Wikipedia.ico\" width=\"16\" height=\"16\" border=\"None\" \/>\u00a0<em><strong><span class=\"titre_rubrique\">Art\u00edculo<\/span><span class=\"mention\"> (powered by Wikipedia)<\/span><\/strong><\/em><\/h3>\n<div style=\"text-align: justify;\"><span class=\"contenu_rubrique\" style=\"font-family: arial,helvetica,sans-serif; font-size: 10pt;\"><span id=\"lblWikipedia\"><span style=\"font-size: 12pt;\">Carlos Guastavino (Santa Fe, 5 de abril de 1912 \u2013 29 de octubre de 2000), fue un compositor m\u00fasico argentino, quien quiz\u00e1 fue el mayor exponente del nacionalismo rom\u00e1ntico argentino. Su estilo musical fuertemente influenciado por el romanticismo del siglo XIX lo llev\u00f3 a mantener distancia de los compositores modernistas argentinos, como por ejemplo Alberto Ginastera. Dicho aislamiento de los movimientos modernos y vanguardistas, as\u00ed como su \u00e9xito al crear una m\u00fasica nacional atractiva empleando un lenguaje rom\u00e1ntico, le convirtieron en un modelo para la generaci\u00f3n de autores de m\u00fasica popular y folcl\u00f3rica argentina de 1960, quienes aplicaron muchas de las innovaciones de Guastavino en su propia m\u00fasica.<\/span><br \/>\n<\/span><\/span><\/div>\n<div style=\"text-align: justify;\"><span class=\"lien_rubrique\"><span id=\"lblWikipediaLink\"><br \/>\n<span style=\"font-size: 10pt;\">Ver: <a title=\"Carlos Guastavino - Wikipedia\" href=\"http:\/\/es.wikipedia.org\/wiki\/Carlos_Guastavino\"><span style=\"color: #000000;\">art\u00edculo Wikipedia\u00a0completo<\/span><\/a><\/span><br \/>\n<\/span><\/span><\/div>\n<div><\/div>\n<hr noshade=\"noshade\" \/>\n<h3 style=\"text-align: justify;\"><em><img decoding=\"async\" loading=\"lazy\" title=\"V\u00f1eta Word\" src=\"https:\/\/cmsp-bue.infd.edu.ar\/sitio\/wp-content\/uploads\/2018\/08\/Vinieta.jpg\" alt=\"V\u00f1eta Word\" width=\"28\" height=\"27\" border=\"0\" \/>Carlos Guastavino &#8211; S\u00edntesis de los lenguajes<\/em><\/h3>\n<div style=\"text-align: justify;\"><span style=\"font-family: arial,helvetica,sans-serif; font-size: 12pt;\">Trabajo realizado para la c\u00e1tedra\u00a0\u00abTeor\u00eda de la Pr\u00e1ctica Art\u00edstica\u00bb que dirigen las profesoras Mar\u00eda Caballero, M\u00f3nica Lombardelli y Mariel Ciafardo de la Facultad de Bellas Artes de la Universidad Nacional de La Plata<\/span><\/div>\n<div style=\"text-align: justify;\">Por:\u00a0Gabriela Sciaroni y Carlos Goldfeld\u00a0\u00a0\u00a0\u00a0\u00a0\u00a0\u00a0\u00a0\u00a0\u00a0\u00a0\u00a0\u00a0 \u00a0<a title=\"Carlos Guastavino - S\u00edntesis de los lenguajes\" href=\"upload\/Carlos_Guastavino_por_Gabriela_Sciaroni.pdf\" target=\"_blank\" rel=\"noopener\"><img decoding=\"async\" title=\"Icono pdf\" src=\"https:\/\/cmsp-bue.infd.edu.ar\/sitio\/wp-content\/uploads\/2018\/08\/icono_pdf.gif\" alt=\"Icono pdf\" border=\"0\" \/><\/a><\/div>\n<hr noshade=\"noshade\" \/>\n<h3 style=\"text-align: justify;\"><em><img decoding=\"async\" loading=\"lazy\" title=\"V\u00f1eta Word\" src=\"https:\/\/cmsp-bue.infd.edu.ar\/sitio\/wp-content\/uploads\/2018\/08\/Vinieta.jpg\" alt=\"V\u00f1eta Word\" width=\"28\" height=\"27\" border=\"0\" \/><a href=\"http:\/\/bdigital.uncu.edu.ar\/2588\"><span style=\"color: #000000;\">Carlos Guastavino y su lenguaje en la guitarra<\/span><\/a><\/em><\/h3>\n<div style=\"text-align: justify;\"><span style=\"font-family: arial,helvetica,sans-serif; font-size: 12pt;\">La presente investigaci\u00f3n propone relacionar los rasgos de la m\u00fasica criolla rural presentes en la Sonata N\u00ba1 para guitarra del compositor argentino Carlos Guastavino, con el lenguaje compositivo escol\u00e1stico propio del autor, desde la perspectiva anal\u00edtica del music\u00f3logo Leonard Meyer. Editado por la revista Huellas, B\u00fasquedas en Artes y Dise\u00f1o, N\u00ba 6, p 174-184, a\u00f1o 2008, Mendoza, Argentina, ISSN 1666-8197<\/span><\/div>\n<p><span style=\"font-family: ArialBlack; font-size: 8pt;\"><span style=\"font-family: ArialBlack; font-size: 8pt;\">\u00a0<\/span><\/span><\/p>\n<div style=\"text-align: justify;\">Por: Juan Rosso Richardson y Cristina Cuiti\u00f1o\u00a0\u00a0\u00a0\u00a0 <a title=\"Carlos Guastavino y su lenguaje en la guitarra - Juan Rosso Richardson Cristina Cuiti\u00f1o\" href=\"upload\/rossohuellas608.pdf\" target=\"_blank\" rel=\"noopener\"><img decoding=\"async\" title=\"Icono pdf\" src=\"https:\/\/cmsp-bue.infd.edu.ar\/sitio\/wp-content\/uploads\/2018\/08\/icono_pdf.gif\" alt=\"Icono pdf\" border=\"0\" \/><\/a><\/div>\n<div style=\"text-align: justify;\">\n<p>&nbsp;<\/p>\n<hr noshade=\"noshade\" \/>\n<\/div>\n<h3 style=\"text-align: justify;\">\u00a0<em><img decoding=\"async\" loading=\"lazy\" title=\"V\u00f1eta Word\" src=\"https:\/\/cmsp-bue.infd.edu.ar\/sitio\/wp-content\/uploads\/2018\/08\/Vinieta.jpg\" alt=\"V\u00f1eta Word\" width=\"28\" height=\"27\" border=\"0\" \/><a href=\"http:\/\/bdigital.uncu.edu.ar\/2588\"><span style=\"color: #000000;\">Carlos Guastavino &#8211;<\/span><\/a> Un solitario<\/em><\/h3>\n<p style=\"text-align: justify;\"><span style=\"font-family: arial,helvetica,sans-serif; font-size: 12pt;\">Carlos Guastavino es la figura m\u00e1s emblem\u00e1tica de la m\u00fasica argentina. A un siglo de su nacimiento se publica una biograf\u00eda. Art\u00edculo publicado en la Revista de Cultura\u00a0\u00ab\u00d1\u00bb, el d\u00eda martes\u00a09 de abril de 2012 (Escenarios), por Federico Monjeau.<\/span><\/p>\n<p style=\"text-align: justify;\"><span style=\"font-size: 10pt;\">Ver: <span style=\"color: #000000;\"><a title=\"Carlos Guastavino - Un solitario\" href=\"http:\/\/www.revistaenie.clarin.com\/escenarios\/Carlos-Guastavino-obra-musical_0_677932243.html\"><span style=\"color: #000000;\">Art\u00edculo completo en Revista \u00ab\u00d1\u00bb<\/span><\/a><\/span><\/span><\/p>\n","protected":false},"excerpt":{"rendered":"<p>Carlos Guastavino \u00a0Art\u00edculo (powered by Wikipedia) Carlos Guastavino (Santa Fe, 5 de abril de 1912 \u2013 29 de octubre de 2000), fue un compositor m\u00fasico argentino, quien quiz\u00e1 fue el mayor exponente del nacionalismo rom\u00e1ntico argentino. Su estilo musical fuertemente influenciado por el romanticismo del siglo XIX lo llev\u00f3 a mantener distancia de los compositores &#8230; <a title=\"Maestros de Maestros\" class=\"read-more\" href=\"https:\/\/cmsp-bue.infd.edu.ar\/sitio\/maestros-de-maestros\/\" aria-label=\"More on Maestros de Maestros\">[+]<\/a><\/p>\n","protected":false},"author":7,"featured_media":0,"parent":0,"menu_order":0,"comment_status":"closed","ping_status":"closed","template":"","meta":[],"acf":[],"_links":{"self":[{"href":"https:\/\/cmsp-bue.infd.edu.ar\/sitio\/wp-json\/wp\/v2\/pages\/899"}],"collection":[{"href":"https:\/\/cmsp-bue.infd.edu.ar\/sitio\/wp-json\/wp\/v2\/pages"}],"about":[{"href":"https:\/\/cmsp-bue.infd.edu.ar\/sitio\/wp-json\/wp\/v2\/types\/page"}],"author":[{"embeddable":true,"href":"https:\/\/cmsp-bue.infd.edu.ar\/sitio\/wp-json\/wp\/v2\/users\/7"}],"replies":[{"embeddable":true,"href":"https:\/\/cmsp-bue.infd.edu.ar\/sitio\/wp-json\/wp\/v2\/comments?post=899"}],"version-history":[{"count":2,"href":"https:\/\/cmsp-bue.infd.edu.ar\/sitio\/wp-json\/wp\/v2\/pages\/899\/revisions"}],"predecessor-version":[{"id":977,"href":"https:\/\/cmsp-bue.infd.edu.ar\/sitio\/wp-json\/wp\/v2\/pages\/899\/revisions\/977"}],"wp:attachment":[{"href":"https:\/\/cmsp-bue.infd.edu.ar\/sitio\/wp-json\/wp\/v2\/media?parent=899"}],"curies":[{"name":"wp","href":"https:\/\/api.w.org\/{rel}","templated":true}]}}